{"id":35,"date":"2021-04-28T20:21:47","date_gmt":"2021-04-28T18:21:47","guid":{"rendered":"https:\/\/annuairedumarketing.fr\/blog\/?page_id=35"},"modified":"2022-02-14T19:06:39","modified_gmt":"2022-02-14T18:06:39","slug":"home","status":"publish","type":"page","link":"https:\/\/annuairedumarketing.fr\/blog\/","title":{"rendered":"Le blog du marketing"},"content":{"rendered":"\n<h2>Le savoir-faire du faire savoir.<\/h2>\n\n\n\n<p>C&rsquo;est ainsi que nous d\u00e9finissons l&rsquo;ensemble des comp\u00e9tences et m\u00e9thodes qui constituent le <strong>marketing<\/strong>.<\/p>\n\n\n\n<p>Ce <strong>nouveau blog du marketing <\/strong>est d\u00e9di\u00e9 \u00e0 l&rsquo;actualit\u00e9 du marketing, une discipline en perp\u00e9tuelle \u00e9volution, qui innove en permanence en cr\u00e9ant de nouveaux outils, de nouveaux supports, m\u00e9dias ou techniques de communication. Le secteur du marketing a notamment \u00e9t\u00e9, plus qu&rsquo;aucun autre secteur, r\u00e9volutionn\u00e9 par le num\u00e9rique. Internet est en effet le levier le plus efficace et le plus accessible, qui peut s&rsquo;adapter \u00e0 tous les budgets et toucher pr\u00e9cis\u00e9ment le coeur de cible de votre activit\u00e9.<\/p>\n\n\n\n<p>M\u00eame si vous disposez du meilleur produit, du logiciel le plus performant ou du service le plus innovant, il faut le faire savoir, trouver votre public et faire conna\u00eetre votre existence. La communication est une \u00e9tape primordiale avant la commercialisation.<\/p>\n\n\n\n<p>Les articles de ce blog sont r\u00e9dig\u00e9s par des professionnels du secteur qui vous pr\u00e9senteront toutes ces nouveaut\u00e9s.<\/p>\n\n\n\n<p>Si vous souhaitez participer \u00e0 ce projet et nous proposer vos articles, n&rsquo;h\u00e9sitez pas \u00e0 prendre contact : info(at)annuairedumarketing.fr<\/p>\n","protected":false},"excerpt":{"rendered":"<p>Le savoir-faire du faire savoir. C&rsquo;est ainsi que nous d\u00e9finissons l&rsquo;ensemble des comp\u00e9tences et m\u00e9thodes qui constituent le marketing. Ce nouveau blog du marketing est d\u00e9di\u00e9 \u00e0 l&rsquo;actualit\u00e9 du marketing, une discipline en perp\u00e9tuelle \u00e9volution, qui innove en permanence en cr\u00e9ant de nouveaux outils, de nouveaux supports, m\u00e9dias ou techniques de communication. Le secteur du [&hellip;]<\/p>\n","protected":false},"author":1,"featured_media":0,"parent":0,"menu_order":0,"comment_status":"closed","ping_status":"closed","template":"","meta":[],"yoast_head":"<!-- This site is optimized with the Yoast SEO plugin v16.2 - https:\/\/yoast.com\/wordpress\/plugins\/seo\/ -->\n<title>Le blog du marketing<\/title>\n<meta name=\"description\" content=\"Ce blog du marketing vous pr\u00e9sente l&#039;actualit\u00e9 du secteur, les innovations et les services et outils professionnels.\" \/>\n<meta name=\"robots\" content=\"index, follow, max-snippet:-1, max-image-preview:large, max-video-preview:-1\" \/>\n<link rel=\"canonical\" href=\"https:\/\/annuairedumarketing.fr\/blog\/\" \/>\n<meta property=\"og:locale\" content=\"fr_FR\" \/>\n<meta property=\"og:type\" content=\"article\" \/>\n<meta property=\"og:title\" content=\"Le blog du marketing\" \/>\n<meta property=\"og:description\" content=\"Ce blog du marketing vous pr\u00e9sente l&#039;actualit\u00e9 du secteur, les innovations et les services et outils professionnels.\" \/>\n<meta property=\"og:url\" content=\"https:\/\/annuairedumarketing.fr\/blog\/\" \/>\n<meta property=\"article:modified_time\" content=\"2022-02-14T18:06:39+00:00\" \/>\n<meta name=\"twitter:card\" content=\"summary_large_image\" \/>\n<meta name=\"twitter:label1\" content=\"Dur\u00e9e de lecture est.\">\n\t<meta name=\"twitter:data1\" content=\"1 minute\">\n<script type=\"application\/ld+json\" class=\"yoast-schema-graph\">{\"@context\":\"https:\/\/schema.org\",\"@graph\":[{\"@type\":\"WebSite\",\"@id\":\"https:\/\/annuairedumarketing.fr\/blog\/#website\",\"url\":\"https:\/\/annuairedumarketing.fr\/blog\/\",\"name\":\"\",\"description\":\"\",\"potentialAction\":[{\"@type\":\"SearchAction\",\"target\":\"https:\/\/annuairedumarketing.fr\/blog\/?s={search_term_string}\",\"query-input\":\"required name=search_term_string\"}],\"inLanguage\":\"fr-FR\"},{\"@type\":\"WebPage\",\"@id\":\"https:\/\/annuairedumarketing.fr\/blog\/#webpage\",\"url\":\"https:\/\/annuairedumarketing.fr\/blog\/\",\"name\":\"Le blog du marketing\",\"isPartOf\":{\"@id\":\"https:\/\/annuairedumarketing.fr\/blog\/#website\"},\"datePublished\":\"2021-04-28T18:21:47+00:00\",\"dateModified\":\"2022-02-14T18:06:39+00:00\",\"description\":\"Ce blog du marketing vous pr\\u00e9sente l'actualit\\u00e9 du secteur, les innovations et les services et outils professionnels.\",\"breadcrumb\":{\"@id\":\"https:\/\/annuairedumarketing.fr\/blog\/#breadcrumb\"},\"inLanguage\":\"fr-FR\",\"potentialAction\":[{\"@type\":\"ReadAction\",\"target\":[\"https:\/\/annuairedumarketing.fr\/blog\/\"]}]},{\"@type\":\"BreadcrumbList\",\"@id\":\"https:\/\/annuairedumarketing.fr\/blog\/#breadcrumb\",\"itemListElement\":[{\"@type\":\"ListItem\",\"position\":1,\"item\":{\"@type\":\"WebPage\",\"@id\":\"https:\/\/annuairedumarketing.fr\/blog\/\",\"url\":\"https:\/\/annuairedumarketing.fr\/blog\/\",\"name\":\"Accueil\"}},{\"@type\":\"ListItem\",\"position\":2,\"item\":{\"@id\":\"https:\/\/annuairedumarketing.fr\/blog\/#webpage\"}}]}]}<\/script>\n<!-- \/ Yoast SEO plugin. -->","_links":{"self":[{"href":"https:\/\/annuairedumarketing.fr\/blog\/wp-json\/wp\/v2\/pages\/35"}],"collection":[{"href":"https:\/\/annuairedumarketing.fr\/blog\/wp-json\/wp\/v2\/pages"}],"about":[{"href":"https:\/\/annuairedumarketing.fr\/blog\/wp-json\/wp\/v2\/types\/page"}],"author":[{"embeddable":true,"href":"https:\/\/annuairedumarketing.fr\/blog\/wp-json\/wp\/v2\/users\/1"}],"replies":[{"embeddable":true,"href":"https:\/\/annuairedumarketing.fr\/blog\/wp-json\/wp\/v2\/comments?post=35"}],"version-history":[{"count":9,"href":"https:\/\/annuairedumarketing.fr\/blog\/wp-json\/wp\/v2\/pages\/35\/revisions"}],"predecessor-version":[{"id":114,"href":"https:\/\/annuairedumarketing.fr\/blog\/wp-json\/wp\/v2\/pages\/35\/revisions\/114"}],"wp:attachment":[{"href":"https:\/\/annuairedumarketing.fr\/blog\/wp-json\/wp\/v2\/media?parent=35"}],"curies":[{"name":"wp","href":"https:\/\/api.w.org\/{rel}","templated":true}]}}